{"id":7152,"date":"2021-07-12T13:51:02","date_gmt":"2021-07-12T11:51:02","guid":{"rendered":"https:\/\/www.chanasassurances.com\/join-us\/unsolicited-application\/"},"modified":"2022-09-20T11:00:19","modified_gmt":"2022-09-20T09:00:19","slug":"unsolicited-application","status":"publish","type":"page","link":"https:\/\/www.chanasassurances.com\/en\/join-us\/unsolicited-application\/","title":{"rendered":"Unsolicited application"},"content":{"rendered":"<div class=\"fusion-fullwidth fullwidth-box fusion-builder-row-1 fusion-flex-container nonhundred-percent-fullwidth non-hundred-percent-height-scrolling\" style=\"--awb-border-radius-top-left:0px;--awb-border-radius-top-right:0px;--awb-border-radius-bottom-right:0px;--awb-border-radius-bottom-left:0px;--awb-flex-wrap:wrap;\" ><div class=\"fusion-builder-row fusion-row fusion-flex-align-items-stretch fusion-flex-content-wrap\" style=\"max-width:1185.6px;margin-left: calc(-4% \/ 2 );margin-right: calc(-4% \/ 2 );\"><div class=\"fusion-layout-column fusion_builder_column fusion-builder-column-0 fusion_builder_column_2_3 2_3 fusion-flex-column\" style=\"--awb-bg-size:cover;--awb-width-large:66.666666666667%;--awb-margin-top-large:0px;--awb-spacing-right-large:2.88%;--awb-margin-bottom-large:20px;--awb-spacing-left-large:2.88%;--awb-width-medium:100%;--awb-order-medium:0;--awb-spacing-right-medium:1.92%;--awb-spacing-left-medium:1.92%;--awb-width-small:100%;--awb-order-small:0;--awb-spacing-right-small:1.92%;--awb-spacing-left-small:1.92%;\"><div class=\"fusion-column-wrapper fusion-column-has-shadow fusion-flex-justify-content-flex-start fusion-content-layout-column\"><div class=\"fusion-text fusion-text-1\" style=\"--awb-text-transform:none;\"><p>If none of our current offers correspond to your research but you think you have a profile that could interest us, do not hesitate to send us a spontaneous application. We will study it with great care.<\/p>\n<\/div><div class=\"frm_forms  with_frm_style frm_style_formidable-style\" id=\"frm_form_6_container\" >\n<form enctype=\"multipart\/form-data\" method=\"post\" class=\"frm-show-form  frm_pro_form \" id=\"form_candidaturesspontanes812cb622fa\" >\n<div class=\"frm_form_fields \">\n<fieldset>\n<legend class=\"frm_screen_reader\">Candidatures spontan\u00e9es<\/legend>\r\n\r\n<div class=\"frm_fields_container\">\n<input type=\"hidden\" name=\"frm_action\" value=\"create\" \/>\n<input type=\"hidden\" name=\"form_id\" value=\"6\" \/>\n<input type=\"hidden\" name=\"frm_hide_fields_6\" id=\"frm_hide_fields_6\" value=\"\" \/>\n<input type=\"hidden\" name=\"form_key\" value=\"candidaturesspontanes812cb622fa\" \/>\n<input type=\"hidden\" name=\"item_meta[0]\" value=\"\" \/>\n<input type=\"hidden\" id=\"frm_submit_entry_6\" name=\"frm_submit_entry_6\" value=\"cad503f0a2\" \/><input type=\"hidden\" name=\"_wp_http_referer\" value=\"\/en\/wp-json\/wp\/v2\/pages\/7152\" \/><div id=\"frm_field_35_container\" class=\"frm_form_field  frm12 frm_html_container form-field\">\n<h3 style=\"text-align: center; color: #ffffff; background-color: #0e3594; text-transform: uppercase;\"><strong>\u00e0 propos de vous<br \/><\/strong><\/h3>\n<\/div>\n<div id=\"frm_field_36_container\" class=\"frm_form_field form-field  frm_required_field frm_top_container frm6 frm_first\">\r\n    <label for=\"field_4j5mm\" id=\"field_4j5mm_label\" class=\"frm_primary_label\">Civilit\u00e9\r\n        <span class=\"frm_required\" aria-hidden=\"true\">*<\/span>\r\n    <\/label>\r\n    \t\t<select name=\"item_meta[36]\" id=\"field_4j5mm\"  data-frmval=\"Mr\" data-reqmsg=\"Ce champ ne peut pas \u00eatre vide\" aria-required=\"true\" data-invmsg=\"Civilit\u00e9 is invalid\" aria-invalid=\"false\"  >\n\t\t<option  value=\"Mr\" selected='selected'>Mr<\/option><option  value=\"Mlle\">Mlle<\/option><option  value=\"Mme\">Mme<\/option>\t<\/select>\n\t\r\n    \r\n    \r\n<\/div>\n<div id=\"frm_field_39_container\" class=\"frm_form_field form-field  frm_required_field frm_top_container frm6\">\r\n    <label for=\"field_lhq0b\" id=\"field_lhq0b_label\" class=\"frm_primary_label\">Nom\r\n        <span class=\"frm_required\" aria-hidden=\"true\">*<\/span>\r\n    <\/label>\r\n    <input type=\"text\" id=\"field_lhq0b\" name=\"item_meta[39]\" value=\"\"  data-reqmsg=\"Ce champ ne peut pas \u00eatre vide\" aria-required=\"true\" data-invmsg=\"texte est non valide\" aria-invalid=\"false\"  \/>\r\n    \r\n    \r\n<\/div>\n<div id=\"frm_field_40_container\" class=\"frm_form_field form-field  frm_required_field frm_top_container frm6 frm_first\">\r\n    <label for=\"field_qmga\" id=\"field_qmga_label\" class=\"frm_primary_label\">Pr\u00e9nom\r\n        <span class=\"frm_required\" aria-hidden=\"true\">*<\/span>\r\n    <\/label>\r\n    <input type=\"text\" id=\"field_qmga\" name=\"item_meta[40]\" value=\"\"  data-reqmsg=\"Ce champ ne peut pas \u00eatre vide\" aria-required=\"true\" data-invmsg=\"texte est non valide\" aria-invalid=\"false\"  \/>\r\n    \r\n    \r\n<\/div>\n<div id=\"frm_field_38_container\" class=\"frm_form_field form-field  frm_required_field frm_top_container frm6\">\r\n    <label for=\"field_fkrlv\" id=\"field_fkrlv_label\" class=\"frm_primary_label\">Email\r\n        <span class=\"frm_required\" aria-hidden=\"true\">*<\/span>\r\n    <\/label>\r\n    <input type=\"email\" id=\"field_fkrlv\" name=\"item_meta[38]\" value=\"\"  data-reqmsg=\"Ce champ ne peut pas \u00eatre vide\" aria-required=\"true\" data-invmsg=\"Email est non valide\" aria-invalid=\"false\"  \/>\r\n    \r\n    \r\n<\/div>\n<div id=\"frm_field_42_container\" class=\"frm_form_field form-field  frm_required_field frm_top_container frm6 frm_first\">\r\n    <label for=\"field_62vsy\" id=\"field_62vsy_label\" class=\"frm_primary_label\">T\u00e9l\u00e9phone\r\n        <span class=\"frm_required\" aria-hidden=\"true\">*<\/span>\r\n    <\/label>\r\n    <input type=\"tel\" id=\"field_62vsy\" name=\"item_meta[42]\" value=\"\"  data-reqmsg=\"Ce champ ne peut pas \u00eatre vide\" aria-required=\"true\" data-invmsg=\"T\u00e9l\u00e9phone est non valide\" aria-invalid=\"false\" pattern=\"((\\+\\d{1,3}(-|.| )?\\(?\\d\\)?(-| |.)?\\d{1,5})|(\\(?\\d{2,6}\\)?))(-|.| )?(\\d{3,4})(-|.| )?(\\d{4})(( x| ext)\\d{1,5}){0,1}$\"  \/>\r\n    \r\n    \r\n<\/div>\n<div id=\"frm_field_43_container\" class=\"frm_form_field form-field  frm_required_field frm_top_container frm6\">\r\n    <label for=\"field_nc25b\" id=\"field_nc25b_label\" class=\"frm_primary_label\">Date\r\n        <span class=\"frm_required\" aria-hidden=\"true\">*<\/span>\r\n    <\/label>\r\n    <input type=\"text\" id=\"field_nc25b\" name=\"item_meta[43]\" value=\"\"  maxlength=\"10\" data-reqmsg=\"Ce champ ne peut pas \u00eatre vide\" aria-required=\"true\" data-invmsg=\"Date est non valide\" class=\"frm_date\" aria-invalid=\"false\"  \/>\r\n    \r\n    \r\n<\/div>\n<div id=\"frm_field_44_container\" class=\"frm_form_field  frm12 frm_first frm_html_container form-field\">\n<h3 style=\"text-align: center; color: #ffffff; background-color: #0e3594;\"><strong style=\"color: #ffffff;\">PROFIL ET\u00a0<\/strong><span style=\"color: #ffffff;\"><span style=\"font-size: 18.72px;\">EXP\u00c9RIENCES<\/span><\/span><\/h3>\n<\/div>\n<div id=\"frm_field_46_container\" class=\"frm_form_field form-field  frm_required_field frm_top_container frm6 frm_first\">\r\n    <label for=\"field_snr21\" id=\"field_snr21_label\" class=\"frm_primary_label\">Votre profil\r\n        <span class=\"frm_required\" aria-hidden=\"true\">*<\/span>\r\n    <\/label>\r\n    \t\t<select name=\"item_meta[46]\" id=\"field_snr21\"  data-reqmsg=\"Ce champ ne peut pas \u00eatre vide\" aria-required=\"true\" data-invmsg=\"Votre profil is invalid\" aria-invalid=\"false\"  >\n\t\t<option  value=\"\" selected='selected'> <\/option><option  value=\"Travailleur exp\u00e9riment\u00e9\">Travailleur exp\u00e9riment\u00e9<\/option><option  value=\"Demandeur d&#039;emploi\">Demandeur d&#039;emploi<\/option><option  value=\"Etudiant\">Etudiant<\/option>\t<\/select>\n\t\r\n    \r\n    \r\n<\/div>\n<div id=\"frm_field_47_container\" class=\"frm_form_field form-field  frm_required_field frm_top_container frm6\">\r\n    <label for=\"field_4zayi\" id=\"field_4zayi_label\" class=\"frm_primary_label\">Type de demande\r\n        <span class=\"frm_required\" aria-hidden=\"true\">*<\/span>\r\n    <\/label>\r\n    \t\t<select name=\"item_meta[47]\" id=\"field_4zayi\"  data-reqmsg=\"Ce champ ne peut pas \u00eatre vide\" aria-required=\"true\" data-invmsg=\"Type de demande is invalid\" aria-invalid=\"false\"  >\n\t\t<option  value=\"\" selected='selected'> <\/option><option  value=\"Stage acad\u00e9mique\">Stage acad\u00e9mique<\/option><option  value=\"Stage professionnel\">Stage professionnel<\/option><option  value=\"Emploi\">Emploi<\/option>\t<\/select>\n\t\r\n    \r\n    \r\n<\/div>\n<div id=\"frm_field_48_container\" class=\"frm_form_field form-field  frm_required_field frm_top_container frm6 frm_first\">\r\n    <label for=\"field_ha4al\" id=\"field_ha4al_label\" class=\"frm_primary_label\">Domaine d'\u00e9tude\r\n        <span class=\"frm_required\" aria-hidden=\"true\">*<\/span>\r\n    <\/label>\r\n    \t\t<select name=\"item_meta[48]\" id=\"field_ha4al\"  data-reqmsg=\"Ce champ ne peut pas \u00eatre vide\" aria-required=\"true\" data-invmsg=\"Domaine d&#039;\u00e9tude is invalid\" aria-invalid=\"false\"  >\n\t\t<option  value=\"\" selected='selected'> <\/option><option  value=\"Banque &amp; finance\">Banque &amp; finance<\/option><option  value=\"Marketing - Communication\">Marketing - Communication<\/option><option  value=\"Commerce &amp; vente\">Commerce &amp; vente<\/option><option  value=\"Logistique\">Logistique<\/option><option  value=\"Juridique\">Juridique<\/option><option  value=\"Informatique\">Informatique<\/option><option  value=\"Gestion des ressources humaines\">Gestion des ressources humaines<\/option><option  value=\"Comptabilit\u00e9\">Comptabilit\u00e9<\/option><option  value=\"Audit &amp; contr\u00f4le\">Audit &amp; contr\u00f4le<\/option><option  value=\"Conformit\u00e9\">Conformit\u00e9<\/option>\t<\/select>\n\t\r\n    \r\n    \r\n<\/div>\n<div id=\"frm_field_49_container\" class=\"frm_form_field form-field  frm_required_field frm_top_container frm6\">\r\n    <label for=\"field_xa6aq\" id=\"field_xa6aq_label\" class=\"frm_primary_label\">Dipl\u00f4me le plus \u00e9lev\u00e9 \r\n        <span class=\"frm_required\" aria-hidden=\"true\">*<\/span>\r\n    <\/label>\r\n    \t\t<select name=\"item_meta[49]\" id=\"field_xa6aq\"  data-reqmsg=\"Ce champ ne peut pas \u00eatre vide\" aria-required=\"true\" data-invmsg=\"Dipl\u00f4me le plus \u00e9lev\u00e9  is invalid\" aria-invalid=\"false\"  >\n\t\t<option  value=\"\" selected='selected'> <\/option><option  value=\"BAC + 2\">BAC + 2<\/option><option  value=\"BAC + 3\">BAC + 3<\/option><option  value=\"BAC + 4\">BAC + 4<\/option><option  value=\"BAC + 5\">BAC + 5<\/option>\t<\/select>\n\t\r\n    \r\n    \r\n<\/div>\n<div id=\"frm_field_52_container\" class=\"frm_form_field form-field  frm_required_field frm_top_container frm6 frm_first\">\r\n    <label for=\"field_es9o2\" id=\"field_es9o2_label\" class=\"frm_primary_label\">Ann\u00e9e d'obtention \r\n        <span class=\"frm_required\" aria-hidden=\"true\">*<\/span>\r\n    <\/label>\r\n    <input type=\"text\" id=\"field_es9o2\" name=\"item_meta[52]\" value=\"\"  maxlength=\"10\" data-reqmsg=\"Ce champ ne peut pas \u00eatre vide\" aria-required=\"true\" data-invmsg=\"Date est non valide\" class=\"frm_date\" aria-invalid=\"false\"  \/>\r\n    \r\n    \r\n<\/div>\n<div id=\"frm_field_54_container\" class=\"frm_form_field form-field  frm_required_field frm_top_container frm6\">\r\n    <label for=\"field_ipwmm\" id=\"field_ipwmm_label\" class=\"frm_primary_label\">Nom de universit\u00e9 \/  l'institut  \/ \u00e9cole\r\n        <span class=\"frm_required\" aria-hidden=\"true\">*<\/span>\r\n    <\/label>\r\n    <input type=\"text\" id=\"field_ipwmm\" name=\"item_meta[54]\" value=\"\"  data-reqmsg=\"Ce champ ne peut pas \u00eatre vide\" aria-required=\"true\" data-invmsg=\"texte est non valide\" aria-invalid=\"false\"  \/>\r\n    \r\n    \r\n<\/div>\n<div id=\"frm_field_55_container\" class=\"frm_form_field frm_section_heading form-field \">\r\n<h3 class=\"frm_pos_top frm_section_spacing\">Formation<\/h3>\r\n\r\n\r\n<div id=\"frm_field_59_container\" class=\"frm_form_field form-field  frm_top_container frm_half\">\r\n    <label for=\"field_k2sak\" id=\"field_k2sak_label\" class=\"frm_primary_label\">Certificats et permis obtenus\r\n        <span class=\"frm_required\" aria-hidden=\"true\"><\/span>\r\n    <\/label>\r\n    <textarea name=\"item_meta[59]\" id=\"field_k2sak\" rows=\"7\"  data-sectionid=\"55\" data-invmsg=\"Certificats et permis obtenus is invalid\" aria-invalid=\"false\"  ><\/textarea>\r\n    \r\n    \r\n<\/div>\n<div id=\"frm_field_60_container\" class=\"frm_form_field form-field  frm_top_container frm_half frm_half\">\r\n    <label for=\"field_pazd2\" id=\"field_pazd2_label\" class=\"frm_primary_label\">Logiciels ma\u00eetris\u00e9s\r\n        <span class=\"frm_required\" aria-hidden=\"true\"><\/span>\r\n    <\/label>\r\n    <textarea name=\"item_meta[60]\" id=\"field_pazd2\" rows=\"7\"  data-sectionid=\"55\" data-invmsg=\"Logiciels ma\u00eetris\u00e9s is invalid\" aria-invalid=\"false\"  ><\/textarea>\r\n    \r\n    \r\n<\/div>\n<\/div>\n<div id=\"frm_field_61_container\" class=\"frm_form_field frm_section_heading form-field  frm12 frm_first\">\r\n<h3 class=\"frm_pos_top frm_section_spacing\">CV & Lettre de motivation<\/h3>\r\n\r\n\r\n<div id=\"frm_field_63_container\" class=\"frm_form_field form-field  frm_top_container frm_half\">\r\n    <label for=\"field_fbcwu\" id=\"field_fbcwu_label\" class=\"frm_primary_label\">T\u00e9l\u00e9charger votre lettre de motivation \r\n        <span class=\"frm_required\" aria-hidden=\"true\"><\/span>\r\n    <\/label>\r\n    <input type=\"hidden\" name=\"item_meta[63][]\"  value=\"\" data-frmfile=\"63\" \/>\n\n<div class=\"frm_dropzone frm_multi_upload frm_clearfix\" id=\"file63_dropzone\" role=\"group\" >\n\t<div class=\"fallback\">\n\t\t<input type=\"file\" name=\"file63[]\" id=\"field_fbcwu\"\n\t\t\t data-frmfile=\"63\" multiple=\"multiple\"  data-sectionid=\"61\" data-invmsg=\"T\u00e9l\u00e9versement de fichier est non valide\" class=\"auto_width\" aria-invalid=\"false\"  \t\t\t\/>\n\t\t\t\t<div class=\"frm_clearfix \"><\/div>\n\t<\/div>\n\t<div class=\"dz-message needsclick\">\n\t\t<span class=\"frm_icon_font frm_upload_icon\"><\/span>\n\t\t<span class=\"frm_upload_text\"><button type=\"button\">D\u00e9poser un fichier ici ou cliquer pour t\u00e9l\u00e9charger<\/button><\/span>\n\t\t<span class=\"frm_compact_text\"><button type=\"button\">Choisir un fichier<\/button><\/span>\n\t\t<div class=\"frm_small_text\">\n\t\t\tMaximum upload size: 5MB\t\t<\/div>\n\t<\/div>\n<\/div>\n\r\n    \r\n    \r\n<\/div>\n<div id=\"frm_field_64_container\" class=\"frm_form_field form-field  frm_required_field frm_top_container frm_half frm_half\">\r\n    <label for=\"field_2eizi\" id=\"field_2eizi_label\" class=\"frm_primary_label\">T\u00e9l\u00e9charger votre CV\r\n        <span class=\"frm_required\" aria-hidden=\"true\">*<\/span>\r\n    <\/label>\r\n    <input type=\"hidden\" name=\"item_meta[64]\"  data-reqmsg=\"Ce champ ne peut pas \u00eatre vide\"  value=\"\" data-frmfile=\"64\" \/>\n\n<div class=\"frm_dropzone frm_single_upload frm_clearfix\" id=\"file64_dropzone\" role=\"group\" >\n\t<div class=\"fallback\">\n\t\t<input type=\"file\" name=\"file64\" id=\"field_2eizi\"\n\t\t\t data-sectionid=\"61\" data-reqmsg=\"Ce champ ne peut pas \u00eatre vide\" data-invmsg=\"T\u00e9l\u00e9versement de fichier est non valide\" class=\"auto_width\" aria-invalid=\"false\"  \t\t\t\/>\n\t\t\t\t<div class=\"frm_clearfix \"><\/div>\n\t<\/div>\n\t<div class=\"dz-message needsclick\">\n\t\t<span class=\"frm_icon_font frm_upload_icon\"><\/span>\n\t\t<span class=\"frm_upload_text\"><button type=\"button\">D\u00e9poser un fichier ici ou cliquer pour t\u00e9l\u00e9charger<\/button><\/span>\n\t\t<span class=\"frm_compact_text\"><button type=\"button\">Choisir un fichier<\/button><\/span>\n\t\t<div class=\"frm_small_text\">\n\t\t\tMaximum upload size: 5MB\t\t<\/div>\n\t<\/div>\n<\/div>\n\r\n    \r\n    \r\n<\/div>\n<\/div>\n\t<input type=\"hidden\" name=\"item_key\" value=\"\" \/>\n\t\t\t<div id=\"frm_field_469_container\">\n\t\t\t<label for=\"field_2erkn\" >\n\t\t\t\tIf you are human, leave this field blank.\t\t\t<\/label>\n\t\t\t<input  id=\"field_2erkn\" type=\"text\" class=\"frm_form_field form-field frm_verify\" name=\"item_meta[469]\" value=\"\"  \/>\n\t\t<\/div>\n\t\t<input name=\"frm_state\" type=\"hidden\" value=\"PCuAsiz0PdwdAWU2OFpolUHFQC1LibHBJIiielZb4kI=\" \/><div class=\"frm_submit\">\r\n\r\n<button class=\"frm_button_submit frm_final_submit\" type=\"submit\"   formnovalidate=\"formnovalidate\">Envoyer<\/button>\r\n\r\n<\/div><\/div>\n<\/fieldset>\n<\/div>\n\n<p style=\"display: none !important;\" class=\"akismet-fields-container\" data-prefix=\"ak_\"><label>&#916;<textarea name=\"ak_hp_textarea\" cols=\"45\" rows=\"8\" maxlength=\"100\"><\/textarea><\/label><input type=\"hidden\" id=\"ak_js_1\" name=\"ak_js\" value=\"166\"\/><script data-jetpack-boost=\"ignore\" data-jetpack-boost=\"ignore\" data-jetpack-boost=\"ignore\" data-jetpack-boost=\"ignore\" data-jetpack-boost=\"ignore\">document.getElementById( \"ak_js_1\" ).setAttribute( \"value\", ( new Date() ).getTime() );<\/script><\/p><\/form>\n<\/div>\n\n\n\n\n<\/div><\/div><div class=\"fusion-layout-column fusion_builder_column fusion-builder-column-1 fusion_builder_column_1_3 1_3 fusion-flex-column\" style=\"--awb-bg-color:#f6f6f6;--awb-bg-color-hover:#f6f6f6;--awb-bg-size:cover;--awb-box-shadow:2px 3px 5px 0px ;;--awb-border-color:#ececec;--awb-border-top:2px;--awb-border-right:2px;--awb-border-bottom:2px;--awb-border-left:2px;--awb-border-style:solid;--awb-width-large:33.333333333333%;--awb-margin-top-large:0px;--awb-spacing-right-large:5.76%;--awb-margin-bottom-large:20px;--awb-spacing-left-large:5.76%;--awb-width-medium:100%;--awb-order-medium:0;--awb-spacing-right-medium:1.92%;--awb-spacing-left-medium:1.92%;--awb-width-small:100%;--awb-order-small:0;--awb-spacing-right-small:1.92%;--awb-spacing-left-small:1.92%;\"><div class=\"fusion-column-wrapper fusion-column-has-shadow fusion-flex-justify-content-flex-start fusion-content-layout-column\"><\/div><\/div><\/div><\/div>\n","protected":false},"excerpt":{"rendered":"","protected":false},"author":1,"featured_media":0,"parent":7072,"menu_order":0,"comment_status":"closed","ping_status":"closed","template":"","meta":{"_acf_changed":false,"footnotes":""},"class_list":["post-7152","page","type-page","status-publish","hentry"],"acf":[],"jetpack_sharing_enabled":true,"_links":{"self":[{"href":"https:\/\/www.chanasassurances.com\/en\/wp-json\/wp\/v2\/pages\/7152","targetHints":{"allow":["GET"]}}],"collection":[{"href":"https:\/\/www.chanasassurances.com\/en\/wp-json\/wp\/v2\/pages"}],"about":[{"href":"https:\/\/www.chanasassurances.com\/en\/wp-json\/wp\/v2\/types\/page"}],"author":[{"embeddable":true,"href":"https:\/\/www.chanasassurances.com\/en\/wp-json\/wp\/v2\/users\/1"}],"replies":[{"embeddable":true,"href":"https:\/\/www.chanasassurances.com\/en\/wp-json\/wp\/v2\/comments?post=7152"}],"version-history":[{"count":7,"href":"https:\/\/www.chanasassurances.com\/en\/wp-json\/wp\/v2\/pages\/7152\/revisions"}],"predecessor-version":[{"id":7230,"href":"https:\/\/www.chanasassurances.com\/en\/wp-json\/wp\/v2\/pages\/7152\/revisions\/7230"}],"up":[{"embeddable":true,"href":"https:\/\/www.chanasassurances.com\/en\/wp-json\/wp\/v2\/pages\/7072"}],"wp:attachment":[{"href":"https:\/\/www.chanasassurances.com\/en\/wp-json\/wp\/v2\/media?parent=7152"}],"curies":[{"name":"wp","href":"https:\/\/api.w.org\/{rel}","templated":true}]}}